{"id":258,"date":"2025-12-30T14:55:26","date_gmt":"2025-12-30T14:55:26","guid":{"rendered":"https:\/\/www.fysiotherapieschoonoord.nl\/?page_id=258"},"modified":"2025-12-30T15:31:12","modified_gmt":"2025-12-30T15:31:12","slug":"ons-team","status":"publish","type":"page","link":"https:\/\/www.fysiotherapieschoonoord.nl\/index.php\/ons-team\/","title":{"rendered":"Ons team"},"content":{"rendered":"\t\t<div data-elementor-type=\"wp-page\" data-elementor-id=\"258\" class=\"elementor elementor-258\">\n\t\t\t\t<div class=\"elementor-element elementor-element-a8243f2 e-flex e-con-boxed e-con e-parent\" data-id=\"a8243f2\" data-element_type=\"container\" data-e-type=\"container\" data-settings=\"{&quot;background_background&quot;:&quot;classic&quot;}\">\n\t\t\t\t\t<div class=\"e-con-inner\">\n\t\t\t\t<div class=\"elementor-element elementor-element-782660a elementor-widget elementor-widget-heading\" data-id=\"782660a\" data-element_type=\"widget\" data-e-type=\"widget\" data-widget_type=\"heading.default\">\n\t\t\t\t\t<h2 class=\"elementor-heading-title elementor-size-default\">Ons team<\/h2>\t\t\t\t<\/div>\n\t\t\t\t\t<\/div>\n\t\t\t\t<\/div>\n\t\t<div class=\"elementor-element elementor-element-bc0ab9e e-flex e-con-boxed e-con e-parent\" data-id=\"bc0ab9e\" data-element_type=\"container\" data-e-type=\"container\">\n\t\t\t\t\t<div class=\"e-con-inner\">\n\t\t<div class=\"elementor-element elementor-element-93e6c9c e-con-full e-flex e-con e-child\" data-id=\"93e6c9c\" data-element_type=\"container\" data-e-type=\"container\">\n\t\t\t\t<div class=\"elementor-element elementor-element-713cf78 elementor-widget elementor-widget-image\" data-id=\"713cf78\" data-element_type=\"widget\" data-e-type=\"widget\" data-widget_type=\"image.default\">\n\t\t\t\t\t\t\t\t\t\t\t\t\t\t\t<img fetchpriority=\"high\" decoding=\"async\" width=\"800\" height=\"600\" src=\"https:\/\/www.fysiotherapieschoonoord.nl\/wp-content\/uploads\/2025\/10\/IMG_1886-1024x768.jpg\" class=\"attachment-large size-large wp-image-260\" alt=\"\" srcset=\"https:\/\/www.fysiotherapieschoonoord.nl\/wp-content\/uploads\/2025\/10\/IMG_1886-1024x768.jpg 1024w, https:\/\/www.fysiotherapieschoonoord.nl\/wp-content\/uploads\/2025\/10\/IMG_1886-300x225.jpg 300w, https:\/\/www.fysiotherapieschoonoord.nl\/wp-content\/uploads\/2025\/10\/IMG_1886-768x576.jpg 768w, https:\/\/www.fysiotherapieschoonoord.nl\/wp-content\/uploads\/2025\/10\/IMG_1886.jpg 1200w\" sizes=\"(max-width: 800px) 100vw, 800px\" \/>\t\t\t\t\t\t\t\t\t\t\t\t\t\t\t<\/div>\n\t\t\t\t<div class=\"elementor-element elementor-element-f3ae967 elementor-widget elementor-widget-heading\" data-id=\"f3ae967\" data-element_type=\"widget\" data-e-type=\"widget\" data-widget_type=\"heading.default\">\n\t\t\t\t\t<h2 class=\"elementor-heading-title elementor-size-default\">Herma Zijnge-Gommers<\/h2>\t\t\t\t<\/div>\n\t\t\t\t<div class=\"elementor-element elementor-element-07090ab elementor-widget elementor-widget-heading\" data-id=\"07090ab\" data-element_type=\"widget\" data-e-type=\"widget\" data-widget_type=\"heading.default\">\n\t\t\t\t\t<h2 class=\"elementor-heading-title elementor-size-default\">Fysiotherapeute<\/h2>\t\t\t\t<\/div>\n\t\t\t\t<\/div>\n\t\t<div class=\"elementor-element elementor-element-8ca78d4 e-con-full e-flex e-con e-child\" data-id=\"8ca78d4\" data-element_type=\"container\" data-e-type=\"container\">\n\t\t\t\t<div class=\"elementor-element elementor-element-aa1858a elementor-widget elementor-widget-image\" data-id=\"aa1858a\" data-element_type=\"widget\" data-e-type=\"widget\" data-widget_type=\"image.default\">\n\t\t\t\t\t\t\t\t\t\t\t\t\t\t\t<img decoding=\"async\" width=\"800\" height=\"600\" src=\"https:\/\/www.fysiotherapieschoonoord.nl\/wp-content\/uploads\/2025\/10\/IMG_1884-1024x768.jpg\" class=\"attachment-large size-large wp-image-261\" alt=\"\" srcset=\"https:\/\/www.fysiotherapieschoonoord.nl\/wp-content\/uploads\/2025\/10\/IMG_1884-1024x768.jpg 1024w, https:\/\/www.fysiotherapieschoonoord.nl\/wp-content\/uploads\/2025\/10\/IMG_1884-300x225.jpg 300w, https:\/\/www.fysiotherapieschoonoord.nl\/wp-content\/uploads\/2025\/10\/IMG_1884-768x576.jpg 768w, https:\/\/www.fysiotherapieschoonoord.nl\/wp-content\/uploads\/2025\/10\/IMG_1884.jpg 1200w\" sizes=\"(max-width: 800px) 100vw, 800px\" \/>\t\t\t\t\t\t\t\t\t\t\t\t\t\t\t<\/div>\n\t\t\t\t<div class=\"elementor-element elementor-element-b23b6a9 elementor-widget elementor-widget-heading\" data-id=\"b23b6a9\" data-element_type=\"widget\" data-e-type=\"widget\" data-widget_type=\"heading.default\">\n\t\t\t\t\t<h2 class=\"elementor-heading-title elementor-size-default\">H\u00e9l\u00e8ne Nijmeijer-Boer<\/h2>\t\t\t\t<\/div>\n\t\t\t\t<div class=\"elementor-element elementor-element-10bc2f2 elementor-widget elementor-widget-heading\" data-id=\"10bc2f2\" data-element_type=\"widget\" data-e-type=\"widget\" data-widget_type=\"heading.default\">\n\t\t\t\t\t<h2 class=\"elementor-heading-title elementor-size-default\">Fysiotherapeute<\/h2>\t\t\t\t<\/div>\n\t\t\t\t<\/div>\n\t\t<div class=\"elementor-element elementor-element-bc7dc14 e-con-full e-flex e-con e-child\" data-id=\"bc7dc14\" data-element_type=\"container\" data-e-type=\"container\">\n\t\t\t\t<div class=\"elementor-element elementor-element-556aa3e elementor-widget elementor-widget-image\" data-id=\"556aa3e\" data-element_type=\"widget\" data-e-type=\"widget\" data-widget_type=\"image.default\">\n\t\t\t\t\t\t\t\t\t\t\t\t\t\t\t<img decoding=\"async\" width=\"800\" height=\"600\" src=\"https:\/\/www.fysiotherapieschoonoord.nl\/wp-content\/uploads\/2025\/10\/IMG_1901-1024x768.jpg\" class=\"attachment-large size-large wp-image-262\" alt=\"\" srcset=\"https:\/\/www.fysiotherapieschoonoord.nl\/wp-content\/uploads\/2025\/10\/IMG_1901-1024x768.jpg 1024w, https:\/\/www.fysiotherapieschoonoord.nl\/wp-content\/uploads\/2025\/10\/IMG_1901-300x225.jpg 300w, https:\/\/www.fysiotherapieschoonoord.nl\/wp-content\/uploads\/2025\/10\/IMG_1901-768x576.jpg 768w, https:\/\/www.fysiotherapieschoonoord.nl\/wp-content\/uploads\/2025\/10\/IMG_1901.jpg 1200w\" sizes=\"(max-width: 800px) 100vw, 800px\" \/>\t\t\t\t\t\t\t\t\t\t\t\t\t\t\t<\/div>\n\t\t\t\t<div class=\"elementor-element elementor-element-9d09fc3 elementor-widget elementor-widget-heading\" data-id=\"9d09fc3\" data-element_type=\"widget\" data-e-type=\"widget\" data-widget_type=\"heading.default\">\n\t\t\t\t\t<h2 class=\"elementor-heading-title elementor-size-default\">Martijn Kindermans<\/h2>\t\t\t\t<\/div>\n\t\t\t\t<div class=\"elementor-element elementor-element-4ee8d74 elementor-widget elementor-widget-heading\" data-id=\"4ee8d74\" data-element_type=\"widget\" data-e-type=\"widget\" data-widget_type=\"heading.default\">\n\t\t\t\t\t<h2 class=\"elementor-heading-title elementor-size-default\">Fysiotherapeut<\/h2>\t\t\t\t<\/div>\n\t\t\t\t<\/div>\n\t\t<div class=\"elementor-element elementor-element-202e1c2 e-con-full e-flex e-con e-child\" data-id=\"202e1c2\" data-element_type=\"container\" data-e-type=\"container\">\n\t\t\t\t<div class=\"elementor-element elementor-element-43c432c elementor-widget elementor-widget-image\" data-id=\"43c432c\" data-element_type=\"widget\" data-e-type=\"widget\" data-widget_type=\"image.default\">\n\t\t\t\t\t\t\t\t\t\t\t\t\t\t\t<img loading=\"lazy\" decoding=\"async\" width=\"800\" height=\"600\" src=\"https:\/\/www.fysiotherapieschoonoord.nl\/wp-content\/uploads\/2025\/10\/IMG_1899-1024x768.jpg\" class=\"attachment-large size-large wp-image-263\" alt=\"\" srcset=\"https:\/\/www.fysiotherapieschoonoord.nl\/wp-content\/uploads\/2025\/10\/IMG_1899-1024x768.jpg 1024w, https:\/\/www.fysiotherapieschoonoord.nl\/wp-content\/uploads\/2025\/10\/IMG_1899-300x225.jpg 300w, https:\/\/www.fysiotherapieschoonoord.nl\/wp-content\/uploads\/2025\/10\/IMG_1899-768x576.jpg 768w, https:\/\/www.fysiotherapieschoonoord.nl\/wp-content\/uploads\/2025\/10\/IMG_1899.jpg 1200w\" sizes=\"(max-width: 800px) 100vw, 800px\" \/>\t\t\t\t\t\t\t\t\t\t\t\t\t\t\t<\/div>\n\t\t\t\t<div class=\"elementor-element elementor-element-22924ca elementor-widget elementor-widget-heading\" data-id=\"22924ca\" data-element_type=\"widget\" data-e-type=\"widget\" data-widget_type=\"heading.default\">\n\t\t\t\t\t<h2 class=\"elementor-heading-title elementor-size-default\">Dani\u00eblle Bossong<\/h2>\t\t\t\t<\/div>\n\t\t\t\t<div class=\"elementor-element elementor-element-9763cf7 elementor-widget elementor-widget-heading\" data-id=\"9763cf7\" data-element_type=\"widget\" data-e-type=\"widget\" data-widget_type=\"heading.default\">\n\t\t\t\t\t<h2 class=\"elementor-heading-title elementor-size-default\">Fysiotherapeute \/\nOedeemtherapeute<\/h2>\t\t\t\t<\/div>\n\t\t\t\t<\/div>\n\t\t\t\t\t<\/div>\n\t\t\t\t<\/div>\n\t\t\t\t<\/div>\n\t\t","protected":false},"excerpt":{"rendered":"<p>Ons team Herma Zijnge-Gommers Fysiotherapeute H\u00e9l\u00e8ne Nijmeijer-Boer Fysiotherapeute Martijn Kindermans Fysiotherapeut Dani\u00eblle Bossong Fysiotherapeute \/ Oedeemtherapeute<\/p>\n","protected":false},"author":1,"featured_media":0,"parent":0,"menu_order":0,"comment_status":"closed","ping_status":"closed","template":"elementor_header_footer","meta":{"footnotes":""},"class_list":["post-258","page","type-page","status-publish","hentry"],"yoast_head":"<!-- This site is optimized with the Yoast SEO plugin v27.4 - https:\/\/yoast.com\/product\/yoast-seo-wordpress\/ -->\n<title>Ons team - Fysiotherapie Schoonoord<\/title>\n<meta name=\"robots\" content=\"index, follow, max-snippet:-1, max-image-preview:large, max-video-preview:-1\" \/>\n<link rel=\"canonical\" href=\"https:\/\/www.fysiotherapieschoonoord.nl\/index.php\/ons-team\/\" \/>\n<meta property=\"og:locale\" content=\"nl_NL\" \/>\n<meta property=\"og:type\" content=\"article\" \/>\n<meta property=\"og:title\" content=\"Ons team - Fysiotherapie Schoonoord\" \/>\n<meta property=\"og:description\" content=\"Ons team Herma Zijnge-Gommers Fysiotherapeute H\u00e9l\u00e8ne Nijmeijer-Boer Fysiotherapeute Martijn Kindermans Fysiotherapeut Dani\u00eblle Bossong Fysiotherapeute \/ Oedeemtherapeute\" \/>\n<meta property=\"og:url\" content=\"https:\/\/www.fysiotherapieschoonoord.nl\/index.php\/ons-team\/\" \/>\n<meta property=\"og:site_name\" content=\"Fysiotherapie Schoonoord\" \/>\n<meta property=\"article:modified_time\" content=\"2025-12-30T15:31:12+00:00\" \/>\n<meta property=\"og:image\" content=\"https:\/\/www.fysiotherapieschoonoord.nl\/wp-content\/uploads\/2025\/10\/IMG_1886.jpg\" \/>\n\t<meta property=\"og:image:width\" content=\"1200\" \/>\n\t<meta property=\"og:image:height\" content=\"900\" \/>\n\t<meta property=\"og:image:type\" content=\"image\/jpeg\" \/>\n<meta name=\"twitter:card\" content=\"summary_large_image\" \/>\n<script type=\"application\/ld+json\" class=\"yoast-schema-graph\">{\"@context\":\"https:\\\/\\\/schema.org\",\"@graph\":[{\"@type\":\"WebPage\",\"@id\":\"https:\\\/\\\/www.fysiotherapieschoonoord.nl\\\/index.php\\\/ons-team\\\/\",\"url\":\"https:\\\/\\\/www.fysiotherapieschoonoord.nl\\\/index.php\\\/ons-team\\\/\",\"name\":\"Ons team - Fysiotherapie Schoonoord\",\"isPartOf\":{\"@id\":\"https:\\\/\\\/www.fysiotherapieschoonoord.nl\\\/#website\"},\"primaryImageOfPage\":{\"@id\":\"https:\\\/\\\/www.fysiotherapieschoonoord.nl\\\/index.php\\\/ons-team\\\/#primaryimage\"},\"image\":{\"@id\":\"https:\\\/\\\/www.fysiotherapieschoonoord.nl\\\/index.php\\\/ons-team\\\/#primaryimage\"},\"thumbnailUrl\":\"https:\\\/\\\/www.fysiotherapieschoonoord.nl\\\/wp-content\\\/uploads\\\/2025\\\/10\\\/IMG_1886-1024x768.jpg\",\"datePublished\":\"2025-12-30T14:55:26+00:00\",\"dateModified\":\"2025-12-30T15:31:12+00:00\",\"breadcrumb\":{\"@id\":\"https:\\\/\\\/www.fysiotherapieschoonoord.nl\\\/index.php\\\/ons-team\\\/#breadcrumb\"},\"inLanguage\":\"nl-NL\",\"potentialAction\":[{\"@type\":\"ReadAction\",\"target\":[\"https:\\\/\\\/www.fysiotherapieschoonoord.nl\\\/index.php\\\/ons-team\\\/\"]}]},{\"@type\":\"ImageObject\",\"inLanguage\":\"nl-NL\",\"@id\":\"https:\\\/\\\/www.fysiotherapieschoonoord.nl\\\/index.php\\\/ons-team\\\/#primaryimage\",\"url\":\"https:\\\/\\\/www.fysiotherapieschoonoord.nl\\\/wp-content\\\/uploads\\\/2025\\\/10\\\/IMG_1886.jpg\",\"contentUrl\":\"https:\\\/\\\/www.fysiotherapieschoonoord.nl\\\/wp-content\\\/uploads\\\/2025\\\/10\\\/IMG_1886.jpg\",\"width\":1200,\"height\":900},{\"@type\":\"BreadcrumbList\",\"@id\":\"https:\\\/\\\/www.fysiotherapieschoonoord.nl\\\/index.php\\\/ons-team\\\/#breadcrumb\",\"itemListElement\":[{\"@type\":\"ListItem\",\"position\":1,\"name\":\"Home\",\"item\":\"https:\\\/\\\/www.fysiotherapieschoonoord.nl\\\/\"},{\"@type\":\"ListItem\",\"position\":2,\"name\":\"Ons team\"}]},{\"@type\":\"WebSite\",\"@id\":\"https:\\\/\\\/www.fysiotherapieschoonoord.nl\\\/#website\",\"url\":\"https:\\\/\\\/www.fysiotherapieschoonoord.nl\\\/\",\"name\":\"Fysiotherapie Schoonoord\",\"description\":\"Fysiotherapie Schoonoord in Drenthe\",\"potentialAction\":[{\"@type\":\"SearchAction\",\"target\":{\"@type\":\"EntryPoint\",\"urlTemplate\":\"https:\\\/\\\/www.fysiotherapieschoonoord.nl\\\/?s={search_term_string}\"},\"query-input\":{\"@type\":\"PropertyValueSpecification\",\"valueRequired\":true,\"valueName\":\"search_term_string\"}}],\"inLanguage\":\"nl-NL\"}]}<\/script>\n<!-- \/ Yoast SEO plugin. -->","yoast_head_json":{"title":"Ons team - Fysiotherapie Schoonoord","robots":{"index":"index","follow":"follow","max-snippet":"max-snippet:-1","max-image-preview":"max-image-preview:large","max-video-preview":"max-video-preview:-1"},"canonical":"https:\/\/www.fysiotherapieschoonoord.nl\/index.php\/ons-team\/","og_locale":"nl_NL","og_type":"article","og_title":"Ons team - Fysiotherapie Schoonoord","og_description":"Ons team Herma Zijnge-Gommers Fysiotherapeute H\u00e9l\u00e8ne Nijmeijer-Boer Fysiotherapeute Martijn Kindermans Fysiotherapeut Dani\u00eblle Bossong Fysiotherapeute \/ Oedeemtherapeute","og_url":"https:\/\/www.fysiotherapieschoonoord.nl\/index.php\/ons-team\/","og_site_name":"Fysiotherapie Schoonoord","article_modified_time":"2025-12-30T15:31:12+00:00","og_image":[{"width":1200,"height":900,"url":"https:\/\/www.fysiotherapieschoonoord.nl\/wp-content\/uploads\/2025\/10\/IMG_1886.jpg","type":"image\/jpeg"}],"twitter_card":"summary_large_image","schema":{"@context":"https:\/\/schema.org","@graph":[{"@type":"WebPage","@id":"https:\/\/www.fysiotherapieschoonoord.nl\/index.php\/ons-team\/","url":"https:\/\/www.fysiotherapieschoonoord.nl\/index.php\/ons-team\/","name":"Ons team - Fysiotherapie Schoonoord","isPartOf":{"@id":"https:\/\/www.fysiotherapieschoonoord.nl\/#website"},"primaryImageOfPage":{"@id":"https:\/\/www.fysiotherapieschoonoord.nl\/index.php\/ons-team\/#primaryimage"},"image":{"@id":"https:\/\/www.fysiotherapieschoonoord.nl\/index.php\/ons-team\/#primaryimage"},"thumbnailUrl":"https:\/\/www.fysiotherapieschoonoord.nl\/wp-content\/uploads\/2025\/10\/IMG_1886-1024x768.jpg","datePublished":"2025-12-30T14:55:26+00:00","dateModified":"2025-12-30T15:31:12+00:00","breadcrumb":{"@id":"https:\/\/www.fysiotherapieschoonoord.nl\/index.php\/ons-team\/#breadcrumb"},"inLanguage":"nl-NL","potentialAction":[{"@type":"ReadAction","target":["https:\/\/www.fysiotherapieschoonoord.nl\/index.php\/ons-team\/"]}]},{"@type":"ImageObject","inLanguage":"nl-NL","@id":"https:\/\/www.fysiotherapieschoonoord.nl\/index.php\/ons-team\/#primaryimage","url":"https:\/\/www.fysiotherapieschoonoord.nl\/wp-content\/uploads\/2025\/10\/IMG_1886.jpg","contentUrl":"https:\/\/www.fysiotherapieschoonoord.nl\/wp-content\/uploads\/2025\/10\/IMG_1886.jpg","width":1200,"height":900},{"@type":"BreadcrumbList","@id":"https:\/\/www.fysiotherapieschoonoord.nl\/index.php\/ons-team\/#breadcrumb","itemListElement":[{"@type":"ListItem","position":1,"name":"Home","item":"https:\/\/www.fysiotherapieschoonoord.nl\/"},{"@type":"ListItem","position":2,"name":"Ons team"}]},{"@type":"WebSite","@id":"https:\/\/www.fysiotherapieschoonoord.nl\/#website","url":"https:\/\/www.fysiotherapieschoonoord.nl\/","name":"Fysiotherapie Schoonoord","description":"Fysiotherapie Schoonoord in Drenthe","potentialAction":[{"@type":"SearchAction","target":{"@type":"EntryPoint","urlTemplate":"https:\/\/www.fysiotherapieschoonoord.nl\/?s={search_term_string}"},"query-input":{"@type":"PropertyValueSpecification","valueRequired":true,"valueName":"search_term_string"}}],"inLanguage":"nl-NL"}]}},"_links":{"self":[{"href":"https:\/\/www.fysiotherapieschoonoord.nl\/index.php\/wp-json\/wp\/v2\/pages\/258","targetHints":{"allow":["GET"]}}],"collection":[{"href":"https:\/\/www.fysiotherapieschoonoord.nl\/index.php\/wp-json\/wp\/v2\/pages"}],"about":[{"href":"https:\/\/www.fysiotherapieschoonoord.nl\/index.php\/wp-json\/wp\/v2\/types\/page"}],"author":[{"embeddable":true,"href":"https:\/\/www.fysiotherapieschoonoord.nl\/index.php\/wp-json\/wp\/v2\/users\/1"}],"replies":[{"embeddable":true,"href":"https:\/\/www.fysiotherapieschoonoord.nl\/index.php\/wp-json\/wp\/v2\/comments?post=258"}],"version-history":[{"count":10,"href":"https:\/\/www.fysiotherapieschoonoord.nl\/index.php\/wp-json\/wp\/v2\/pages\/258\/revisions"}],"predecessor-version":[{"id":290,"href":"https:\/\/www.fysiotherapieschoonoord.nl\/index.php\/wp-json\/wp\/v2\/pages\/258\/revisions\/290"}],"wp:attachment":[{"href":"https:\/\/www.fysiotherapieschoonoord.nl\/index.php\/wp-json\/wp\/v2\/media?parent=258"}],"curies":[{"name":"wp","href":"https:\/\/api.w.org\/{rel}","templated":true}]}}